{"id":8,"date":"2018-05-10T21:08:18","date_gmt":"2018-05-10T21:08:18","guid":{"rendered":"https:\/\/johannes-richwien.de\/?page_id=8"},"modified":"2020-04-15T13:35:04","modified_gmt":"2020-04-15T13:35:04","slug":"ueber-mich","status":"publish","type":"page","link":"https:\/\/johannes-richwien.de\/?page_id=8","title":{"rendered":"\u00dcber mich"},"content":{"rendered":"<p><strong>Vita:<\/strong><\/p>\n<p>Geboren 1994 in M\u00fcnchen. Kindheit im Englischen Garten, mit 6 Jahren Umzug nach Oberhaching. Schon fr\u00fch zeigte sich das Talent im Malen und Zeichnen. Mit 16 Jahren Fernstudium an der &#8222;Famous Artist School&#8220;. Mit 17 Jahren erste \u00d6lbilder, aber auch Versuche in Bleistift, Kohle und Aquarell. Jedoch bleibt die bevorzugte Technik &#8222;\u00d6l auf Leinwand&#8220;.<\/p>\n<p>Nach dem Abitur, T\u00e4tigkeit als Masseur, mit weiterer Ausbildung zum Heilpraktiker und Start in die eigene Praxis. Die verbleibende Freizeit nutze ich gerne f\u00fcr meine Hobbys: Malerei, Fotografie und Bergsteigen.<\/p>\n<p>Der Umzug nach F\u00fcrstenfeldbruck in 2015 erm\u00f6glichte mir eine Neuorientierung: Beitritt zur Interessengemeinschaft &#8222;Freisinger Hobbyk\u00fcnstler&#8220;, sowie Aufenthalte im &#8222;blauen Land&#8220;, Murnau und Besch\u00e4ftigung mit dem &#8222;blauen Reiter&#8220;.<\/p>\n<p>2016 Neustart mit der \u00d6lmalerei.<\/p>\n<p><strong>Motivation:<\/strong><\/p>\n<p>2015: Experimente in abstrakter Malerei. Meine Motive reichen von expressiv-gegenst\u00e4ndlicher Darstellung bis zur abstrakten Malerei. In mir reift die Erkenntnis, dass das menschliche Gehirn auf die Visualisierung gegenst\u00e4ndlicher Motive fixiert ist und selbst bei der Betrachtung von Abstraktem nach Gegenst\u00e4nden sucht!<\/p>\n<p>2018 bekam ich den Auftrag f\u00fcr ein Kinderportrait. Diese Arbeit erwies sich als sehr m\u00fchsam und band alle meine Energie f\u00fcr lange Zeit. Portraitmalerei ist nicht meine Spezialit\u00e4t und sollte in der Moderne lieber der Fotografie \u00fcberlassen werden.<\/p>\n<p>Ich bin der Auffassung, dass Malerei immer handwerklich gut gemacht sein muss, also optisch ansprechend sein muss.<\/p>\n<p>Die Bildaussage ist dabei zweitrangig.<\/p>\n<p>Karl Valentin sagt: \u201eKunst ist sch\u00f6n, macht aber viel Arbeit\u201c.<br \/>\nund<br \/>\n\u201eKunst kommt von K\u00f6nnen und nicht von Wollen, sonst hie\u00dfe es ja Wunst\u201c<\/p>\n<p>Ansonsten ist alles erlaubt.<\/p>\n<p>Ob es sich um Kunst handelt entscheidet aber immer der Betrachter. F\u00fcr mich steht jedoch das Optische im Vordergrund und eben nicht das Intellektuelle.<\/p>\n<p>Ich sch\u00e4tze es nicht, wenn Malerei erkl\u00e4rt werden muss, damit der Betrachter \u00fcberhaupt etwas damit anfangen kann. Bilder sprechen f\u00fcr sich selbst, egal ob abstrakt oder gegenst\u00e4ndlich. Die Abstraktion war in der Malerei nur deshalb notwendig, um ihr einen neuen Freiraum zu erschlie\u00dfen und weil die Konkurrenz zur Fotografie diesen Weg nahegelegt hat.<\/p>\n<p>Interessant ist jedoch, dass selbst die Fotografie Abstraktionen nutzt, um den Betrachter in seinen Bann zu ziehen. Dass ist dann Kunst, n\u00e4mlich Fotokunst.<\/p>\n","protected":false},"excerpt":{"rendered":"<p>Vita: Geboren 1994 in M\u00fcnchen. Kindheit im Englischen Garten, mit 6 Jahren Umzug nach Oberhaching. Schon fr\u00fch zeigte sich das Talent im Malen und Zeichnen. Mit 16 Jahren Fernstudium an der &#8222;Famous Artist School&#8220;. Mit 17 Jahren erste \u00d6lbilder, aber auch Versuche in Bleistift, Kohle und Aquarell. Jedoch bleibt die bevorzugte Technik &#8222;\u00d6l auf Leinwand&#8220;. &hellip; <\/p>\n<p class=\"link-more\"><a href=\"https:\/\/johannes-richwien.de\/?page_id=8\" class=\"more-link\"><span class=\"screen-reader-text\">\u201e\u00dcber mich\u201c <\/span>weiterlesen<\/a><\/p>\n","protected":false},"author":1,"featured_media":67,"parent":0,"menu_order":1,"comment_status":"closed","ping_status":"closed","template":"","meta":{"footnotes":""},"class_list":["post-8","page","type-page","status-publish","has-post-thumbnail","hentry"],"_links":{"self":[{"href":"https:\/\/johannes-richwien.de\/index.php?rest_route=\/wp\/v2\/pages\/8","targetHints":{"allow":["GET"]}}],"collection":[{"href":"https:\/\/johannes-richwien.de\/index.php?rest_route=\/wp\/v2\/pages"}],"about":[{"href":"https:\/\/johannes-richwien.de\/index.php?rest_route=\/wp\/v2\/types\/page"}],"author":[{"embeddable":true,"href":"https:\/\/johannes-richwien.de\/index.php?rest_route=\/wp\/v2\/users\/1"}],"replies":[{"embeddable":true,"href":"https:\/\/johannes-richwien.de\/index.php?rest_route=%2Fwp%2Fv2%2Fcomments&post=8"}],"version-history":[{"count":5,"href":"https:\/\/johannes-richwien.de\/index.php?rest_route=\/wp\/v2\/pages\/8\/revisions"}],"predecessor-version":[{"id":86,"href":"https:\/\/johannes-richwien.de\/index.php?rest_route=\/wp\/v2\/pages\/8\/revisions\/86"}],"wp:featuredmedia":[{"embeddable":true,"href":"https:\/\/johannes-richwien.de\/index.php?rest_route=\/wp\/v2\/media\/67"}],"wp:attachment":[{"href":"https:\/\/johannes-richwien.de\/index.php?rest_route=%2Fwp%2Fv2%2Fmedia&parent=8"}],"curies":[{"name":"wp","href":"https:\/\/api.w.org\/{rel}","templated":true}]}}