{"id":7,"date":"2018-05-10T21:08:18","date_gmt":"2018-05-10T21:08:18","guid":{"rendered":"https:\/\/johannes-richwien.de\/?page_id=7"},"modified":"2021-01-26T15:44:14","modified_gmt":"2021-01-26T15:44:14","slug":"startseite","status":"publish","type":"page","link":"https:\/\/johannes-richwien.de\/","title":{"rendered":"Startseite"},"content":{"rendered":"<p>Willkommen auf der Kunstseite von Johannes Richwien, Heilpraktiker und K\u00fcnstler. Ich freue mich \u00fcber alle Kunstinteressierten, ide meine Webseite besuchen, um meine Bilderwelt zu betrachten.<\/p>\n<p>Ich zeige \u00fcberwiegend \u00d6lmalerei, seltn Aquarellmalerei oder Bilder in Acrylfarben. Gelegendlich auch Bilder in Kohle.<\/p>\n<p>Meine Bilder zeige ich in der Regel formatf\u00fcllend und auch in Ausschnitten. An ihrem Urteil und an Ihrer R\u00fcckmeldung bin ich interessiert. Die Seite soll einen \u00dcberblick meines Schaffens erm\u00f6glichen.<\/p>\n<p>\u00dcber das Kontaktformular freue ich mich \u00fcber Ihr Feedback.<\/p>\n<p>Bei Gefallen k\u00f6nnen Sie jedes meiner Bilder auch gerne erwerben.<\/p>\n","protected":false},"excerpt":{"rendered":"<p>Willkommen auf der Kunstseite von Johannes Richwien, Heilpraktiker und K\u00fcnstler. Ich freue mich \u00fcber alle Kunstinteressierten, ide meine Webseite besuchen, um meine Bilderwelt zu betrachten. Ich zeige \u00fcberwiegend \u00d6lmalerei, seltn Aquarellmalerei oder Bilder in Acrylfarben. Gelegendlich auch Bilder in Kohle. Meine Bilder zeige ich in der Regel formatf\u00fcllend und auch in Ausschnitten. An ihrem Urteil &hellip; <\/p>\n<p class=\"link-more\"><a href=\"https:\/\/johannes-richwien.de\/\" class=\"more-link\"><span class=\"screen-reader-text\">\u201eStartseite\u201c <\/span>weiterlesen<\/a><\/p>\n","protected":false},"author":1,"featured_media":66,"parent":0,"menu_order":0,"comment_status":"closed","ping_status":"closed","template":"","meta":{"footnotes":""},"class_list":["post-7","page","type-page","status-publish","has-post-thumbnail","hentry"],"_links":{"self":[{"href":"https:\/\/johannes-richwien.de\/index.php?rest_route=\/wp\/v2\/pages\/7","targetHints":{"allow":["GET"]}}],"collection":[{"href":"https:\/\/johannes-richwien.de\/index.php?rest_route=\/wp\/v2\/pages"}],"about":[{"href":"https:\/\/johannes-richwien.de\/index.php?rest_route=\/wp\/v2\/types\/page"}],"author":[{"embeddable":true,"href":"https:\/\/johannes-richwien.de\/index.php?rest_route=\/wp\/v2\/users\/1"}],"replies":[{"embeddable":true,"href":"https:\/\/johannes-richwien.de\/index.php?rest_route=%2Fwp%2Fv2%2Fcomments&post=7"}],"version-history":[{"count":6,"href":"https:\/\/johannes-richwien.de\/index.php?rest_route=\/wp\/v2\/pages\/7\/revisions"}],"predecessor-version":[{"id":91,"href":"https:\/\/johannes-richwien.de\/index.php?rest_route=\/wp\/v2\/pages\/7\/revisions\/91"}],"wp:featuredmedia":[{"embeddable":true,"href":"https:\/\/johannes-richwien.de\/index.php?rest_route=\/wp\/v2\/media\/66"}],"wp:attachment":[{"href":"https:\/\/johannes-richwien.de\/index.php?rest_route=%2Fwp%2Fv2%2Fmedia&parent=7"}],"curies":[{"name":"wp","href":"https:\/\/api.w.org\/{rel}","templated":true}]}}